{"id":143,"date":"2022-10-16T18:16:17","date_gmt":"2022-10-16T18:16:17","guid":{"rendered":"https:\/\/www.hegyaljatur.hu\/?page_id=143"},"modified":"2024-11-19T07:31:37","modified_gmt":"2024-11-19T07:31:37","slug":"szurovizsgalatok","status":"publish","type":"page","link":"https:\/\/www.hegyaljatur.hu\/?page_id=143","title":{"rendered":"Sz\u0171r\u0151vizsg\u00e1latok"},"content":{"rendered":"\t\t<div data-elementor-type=\"wp-page\" data-elementor-id=\"143\" class=\"elementor elementor-143\">\n\t\t\t\t\t\t<section class=\"elementor-section elementor-top-section elementor-element elementor-element-d7b940d elementor-section-boxed elementor-section-height-default elementor-section-height-default\" data-id=\"d7b940d\" data-element_type=\"section\">\n\t\t\t\t\t\t<div class=\"elementor-container elementor-column-gap-default\">\n\t\t\t\t\t<div class=\"elementor-column elementor-col-100 elementor-top-column elementor-element elementor-element-641d757\" data-id=\"641d757\" data-element_type=\"column\">\n\t\t\t<div class=\"elementor-widget-wrap elementor-element-populated\">\n\t\t\t\t\t\t<div class=\"elementor-element elementor-element-c3e8239 elementor-widget elementor-widget-text-editor\" data-id=\"c3e8239\" data-element_type=\"widget\" data-widget_type=\"text-editor.default\">\n\t\t\t\t<div class=\"elementor-widget-container\">\n\t\t\t\t\t\t\t<p>Dolgoz\u00f3inak eg\u00e9szs\u00e9ge \u00e9rdek\u00e9ben keresse szakembereinket! T\u00f6bb lehet\u0151s\u00e9get is ny\u00fajtunk dolgoz\u00f3i eg\u00e9szs\u00e9g\u00e9nek meg\u0151rz\u00e9s\u00e9hez:<\/p>\t\t\t\t\t\t<\/div>\n\t\t\t\t<\/div>\n\t\t\t\t<div class=\"elementor-element elementor-element-b02193b elementor-icon-list--layout-traditional elementor-list-item-link-full_width elementor-widget elementor-widget-icon-list\" data-id=\"b02193b\" data-element_type=\"widget\" data-widget_type=\"icon-list.default\">\n\t\t\t\t<div class=\"elementor-widget-container\">\n\t\t\t\t\t<ul class=\"elementor-icon-list-items\">\n\t\t\t\t\t\t\t<li class=\"elementor-icon-list-item\">\n\t\t\t\t\t\t\t\t\t\t\t<span class=\"elementor-icon-list-icon\">\n\t\t\t\t\t\t\t<i aria-hidden=\"true\" class=\"fas fa-angle-right\"><\/i>\t\t\t\t\t\t<\/span>\n\t\t\t\t\t\t\t\t\t\t<span class=\"elementor-icon-list-text\">Foglalkoz\u00e1s-eg\u00e9szs\u00e9g\u00fcgyi szolg\u00e1lat<\/span>\n\t\t\t\t\t\t\t\t\t<\/li>\n\t\t\t\t\t\t\t\t<li class=\"elementor-icon-list-item\">\n\t\t\t\t\t\t\t\t\t\t\t<span class=\"elementor-icon-list-icon\">\n\t\t\t\t\t\t\t<i aria-hidden=\"true\" class=\"fas fa-angle-right\"><\/i>\t\t\t\t\t\t<\/span>\n\t\t\t\t\t\t\t\t\t\t<span class=\"elementor-icon-list-text\">S\u00fcrg\u0151ss\u00e9gi betegell\u00e1t\u00e1si szolg\u00e1lat - 24 \u00f3r\u00e1s k\u00e9szenl\u00e9ti ment\u00e9sben szakavatott szakemberekkel<\/span>\n\t\t\t\t\t\t\t\t\t<\/li>\n\t\t\t\t\t\t\t\t<li class=\"elementor-icon-list-item\">\n\t\t\t\t\t\t\t\t\t\t\t<span class=\"elementor-icon-list-icon\">\n\t\t\t\t\t\t\t<i aria-hidden=\"true\" class=\"fas fa-angle-right\"><\/i>\t\t\t\t\t\t<\/span>\n\t\t\t\t\t\t\t\t\t\t<span class=\"elementor-icon-list-text\">24 \u00f3r\u00e1s WIWE szolg\u00e1ltat\u00e1s (vagy hasonl\u00f3 telemedicin\u00e1lis eszk\u00f6zzel) <\/span>\n\t\t\t\t\t\t\t\t\t<\/li>\n\t\t\t\t\t\t\t\t<li class=\"elementor-icon-list-item\">\n\t\t\t\t\t\t\t\t\t\t\t<span class=\"elementor-icon-list-icon\">\n\t\t\t\t\t\t\t<i aria-hidden=\"true\" class=\"fas fa-angle-right\"><\/i>\t\t\t\t\t\t<\/span>\n\t\t\t\t\t\t\t\t\t\t<span class=\"elementor-icon-list-text\">Munkahelyi els\u0151seg\u00e9lyny\u00fajt\u00e1s k\u00e9pz\u00e9s - specifik\u00e1lva az adott ter\u00fcletre<\/span>\n\t\t\t\t\t\t\t\t\t<\/li>\n\t\t\t\t\t\t\t\t<li class=\"elementor-icon-list-item\">\n\t\t\t\t\t\t\t\t\t\t\t<span class=\"elementor-icon-list-icon\">\n\t\t\t\t\t\t\t<i aria-hidden=\"true\" class=\"fas fa-angle-right\"><\/i>\t\t\t\t\t\t<\/span>\n\t\t\t\t\t\t\t\t\t\t<span class=\"elementor-icon-list-text\">Eg\u00e9szs\u00e9gnapok szervez\u00e9se - ig\u00e9nyek, vagy szakemberek javaslata alapj\u00e1n<\/span>\n\t\t\t\t\t\t\t\t\t<\/li>\n\t\t\t\t\t\t\t\t<li class=\"elementor-icon-list-item\">\n\t\t\t\t\t\t\t\t\t\t\t<span class=\"elementor-icon-list-icon\">\n\t\t\t\t\t\t\t<i aria-hidden=\"true\" class=\"fas fa-angle-right\"><\/i>\t\t\t\t\t\t<\/span>\n\t\t\t\t\t\t\t\t\t\t<span class=\"elementor-icon-list-text\">Mobil v\u00e9rv\u00e9teli lehet\u0151s\u00e9gek csoportos ig\u00e9nyekre szabva<\/span>\n\t\t\t\t\t\t\t\t\t<\/li>\n\t\t\t\t\t\t<\/ul>\n\t\t\t\t<\/div>\n\t\t\t\t<\/div>\n\t\t\t\t<div class=\"elementor-element elementor-element-f1cee1a elementor-widget-divider--separator-type-pattern elementor-widget-divider--no-spacing elementor-widget-divider--view-line elementor-widget elementor-widget-divider\" data-id=\"f1cee1a\" data-element_type=\"widget\" data-widget_type=\"divider.default\">\n\t\t\t\t<div class=\"elementor-widget-container\">\n\t\t\t\t\t<div class=\"elementor-divider\" style=\"--divider-pattern-url: url(&quot;data:image\/svg+xml,%3Csvg xmlns=&#039;http:\/\/www.w3.org\/2000\/svg&#039; preserveAspectRatio=&#039;xMidYMid meet&#039; overflow=&#039;visible&#039; height=&#039;100%&#039; viewBox=&#039;0 0 126 26&#039; fill=&#039;black&#039; stroke=&#039;none&#039;%3E%3Cpath d=&#039;M3,10.2c2.6,0,2.6,2,2.6,3.2S4.4,16.5,3,16.5s-3-1.4-3-3.2S0.4,10.2,3,10.2z M18.8,10.2c1.7,0,3.2,1.4,3.2,3.2s-1.4,3.2-3.2,3.2c-1.7,0-3.2-1.4-3.2-3.2S17,10.2,18.8,10.2z M34.6,10.2c1.5,0,2.6,1.4,2.6,3.2s-0.5,3.2-1.9,3.2c-1.5,0-3.4-1.4-3.4-3.2S33.1,10.2,34.6,10.2z M50.5,10.2c1.7,0,3.2,1.4,3.2,3.2s-1.4,3.2-3.2,3.2c-1.7,0-3.3-0.9-3.3-2.6S48.7,10.2,50.5,10.2z M66.2,10.2c1.5,0,3.4,1.4,3.4,3.2s-1.9,3.2-3.4,3.2c-1.5,0-2.6-0.4-2.6-2.1S64.8,10.2,66.2,10.2z M82.2,10.2c1.7,0.8,2.6,1.4,2.6,3.2s-0.1,3.2-1.6,3.2c-1.5,0-3.7-1.4-3.7-3.2S80.5,9.4,82.2,10.2zM98.6,10.2c1.5,0,2.6,0.4,2.6,2.1s-1.2,4.2-2.6,4.2c-1.5,0-3.7-0.4-3.7-2.1S97.1,10.2,98.6,10.2z M113.4,10.2c1.2,0,2.2,0.9,2.2,3.2s-0.1,3.2-1.3,3.2s-3.1-1.4-3.1-3.2S112.2,10.2,113.4,10.2z&#039;\/%3E%3C\/svg%3E&quot;);\">\n\t\t\t<span class=\"elementor-divider-separator\">\n\t\t\t\t\t\t<\/span>\n\t\t<\/div>\n\t\t\t\t<\/div>\n\t\t\t\t<\/div>\n\t\t\t\t\t<\/div>\n\t\t<\/div>\n\t\t\t\t\t<\/div>\n\t\t<\/section>\n\t\t\t\t<\/div>\n\t\t","protected":false},"excerpt":{"rendered":"<p>Dolgoz\u00f3inak eg\u00e9szs\u00e9ge \u00e9rdek\u00e9ben keresse szakembereinket! T\u00f6bb lehet\u0151s\u00e9get is ny\u00fajtunk dolgoz\u00f3i eg\u00e9szs\u00e9g\u00e9nek meg\u0151rz\u00e9s\u00e9hez: Foglalkoz\u00e1s-eg\u00e9szs\u00e9g\u00fcgyi szolg\u00e1lat S\u00fcrg\u0151ss\u00e9gi betegell\u00e1t\u00e1si szolg\u00e1lat &#8211; 24 \u00f3r\u00e1s k\u00e9szenl\u00e9ti ment\u00e9sben szakavatott szakemberekkel 24 \u00f3r\u00e1s WIWE szolg\u00e1ltat\u00e1s (vagy hasonl\u00f3 &hellip; <\/p>\n","protected":false},"author":1,"featured_media":0,"parent":0,"menu_order":0,"comment_status":"closed","ping_status":"closed","template":"","meta":{"_monsterinsights_skip_tracking":false,"_monsterinsights_sitenote_active":false,"_monsterinsights_sitenote_note":"","_monsterinsights_sitenote_category":0,"footnotes":""},"class_list":["post-143","page","type-page","status-publish","hentry"],"yoast_head":"<!-- This site is optimized with the Yoast SEO plugin v23.5 - https:\/\/yoast.com\/wordpress\/plugins\/seo\/ -->\n<title>Sz\u0171r\u0151vizsg\u00e1latok - HEGYALJA-TUR Kft.<\/title>\n<meta name=\"robots\" content=\"index, follow, max-snippet:-1, max-image-preview:large, max-video-preview:-1\" \/>\n<link rel=\"canonical\" href=\"https:\/\/www.hegyaljatur.hu\/?page_id=143\" \/>\n<meta property=\"og:locale\" content=\"hu_HU\" \/>\n<meta property=\"og:type\" content=\"article\" \/>\n<meta property=\"og:title\" content=\"Sz\u0171r\u0151vizsg\u00e1latok - HEGYALJA-TUR Kft.\" \/>\n<meta property=\"og:description\" content=\"Dolgoz\u00f3inak eg\u00e9szs\u00e9ge \u00e9rdek\u00e9ben keresse szakembereinket! T\u00f6bb lehet\u0151s\u00e9get is ny\u00fajtunk dolgoz\u00f3i eg\u00e9szs\u00e9g\u00e9nek meg\u0151rz\u00e9s\u00e9hez: Foglalkoz\u00e1s-eg\u00e9szs\u00e9g\u00fcgyi szolg\u00e1lat S\u00fcrg\u0151ss\u00e9gi betegell\u00e1t\u00e1si szolg\u00e1lat &#8211; 24 \u00f3r\u00e1s k\u00e9szenl\u00e9ti ment\u00e9sben szakavatott szakemberekkel 24 \u00f3r\u00e1s WIWE szolg\u00e1ltat\u00e1s (vagy hasonl\u00f3 &hellip;\" \/>\n<meta property=\"og:url\" content=\"https:\/\/www.hegyaljatur.hu\/?page_id=143\" \/>\n<meta property=\"og:site_name\" content=\"HEGYALJA-TUR Kft.\" \/>\n<meta property=\"article:modified_time\" content=\"2024-11-19T07:31:37+00:00\" \/>\n<meta name=\"twitter:card\" content=\"summary_large_image\" \/>\n<meta name=\"twitter:label1\" content=\"Becs\u00fclt olvas\u00e1si id\u0151\" \/>\n\t<meta name=\"twitter:data1\" content=\"1 perc\" \/>\n<script type=\"application\/ld+json\" class=\"yoast-schema-graph\">{\"@context\":\"https:\/\/schema.org\",\"@graph\":[{\"@type\":\"WebPage\",\"@id\":\"https:\/\/www.hegyaljatur.hu\/?page_id=143\",\"url\":\"https:\/\/www.hegyaljatur.hu\/?page_id=143\",\"name\":\"Sz\u0171r\u0151vizsg\u00e1latok - HEGYALJA-TUR Kft.\",\"isPartOf\":{\"@id\":\"https:\/\/www.hegyaljatur.hu\/#website\"},\"datePublished\":\"2022-10-16T18:16:17+00:00\",\"dateModified\":\"2024-11-19T07:31:37+00:00\",\"breadcrumb\":{\"@id\":\"https:\/\/www.hegyaljatur.hu\/?page_id=143#breadcrumb\"},\"inLanguage\":\"hu\",\"potentialAction\":[{\"@type\":\"ReadAction\",\"target\":[\"https:\/\/www.hegyaljatur.hu\/?page_id=143\"]}]},{\"@type\":\"BreadcrumbList\",\"@id\":\"https:\/\/www.hegyaljatur.hu\/?page_id=143#breadcrumb\",\"itemListElement\":[{\"@type\":\"ListItem\",\"position\":1,\"name\":\"Home\",\"item\":\"https:\/\/www.hegyaljatur.hu\/\"},{\"@type\":\"ListItem\",\"position\":2,\"name\":\"Sz\u0171r\u0151vizsg\u00e1latok\"}]},{\"@type\":\"WebSite\",\"@id\":\"https:\/\/www.hegyaljatur.hu\/#website\",\"url\":\"https:\/\/www.hegyaljatur.hu\/\",\"name\":\"HEGYALJA-TUR Kft.\",\"description\":\"\",\"publisher\":{\"@id\":\"https:\/\/www.hegyaljatur.hu\/#organization\"},\"potentialAction\":[{\"@type\":\"SearchAction\",\"target\":{\"@type\":\"EntryPoint\",\"urlTemplate\":\"https:\/\/www.hegyaljatur.hu\/?s={search_term_string}\"},\"query-input\":{\"@type\":\"PropertyValueSpecification\",\"valueRequired\":true,\"valueName\":\"search_term_string\"}}],\"inLanguage\":\"hu\"},{\"@type\":\"Organization\",\"@id\":\"https:\/\/www.hegyaljatur.hu\/#organization\",\"name\":\"HEGYALJA-TUR Kft.\",\"url\":\"https:\/\/www.hegyaljatur.hu\/\",\"logo\":{\"@type\":\"ImageObject\",\"inLanguage\":\"hu\",\"@id\":\"https:\/\/www.hegyaljatur.hu\/#\/schema\/logo\/image\/\",\"url\":\"https:\/\/www.hegyaljatur.hu\/wp-content\/uploads\/2022\/05\/hegy-e1700392011301.jpg\",\"contentUrl\":\"https:\/\/www.hegyaljatur.hu\/wp-content\/uploads\/2022\/05\/hegy-e1700392011301.jpg\",\"width\":110,\"height\":122,\"caption\":\"HEGYALJA-TUR Kft.\"},\"image\":{\"@id\":\"https:\/\/www.hegyaljatur.hu\/#\/schema\/logo\/image\/\"}}]}<\/script>\n<!-- \/ Yoast SEO plugin. -->","yoast_head_json":{"title":"Sz\u0171r\u0151vizsg\u00e1latok - HEGYALJA-TUR Kft.","robots":{"index":"index","follow":"follow","max-snippet":"max-snippet:-1","max-image-preview":"max-image-preview:large","max-video-preview":"max-video-preview:-1"},"canonical":"https:\/\/www.hegyaljatur.hu\/?page_id=143","og_locale":"hu_HU","og_type":"article","og_title":"Sz\u0171r\u0151vizsg\u00e1latok - HEGYALJA-TUR Kft.","og_description":"Dolgoz\u00f3inak eg\u00e9szs\u00e9ge \u00e9rdek\u00e9ben keresse szakembereinket! T\u00f6bb lehet\u0151s\u00e9get is ny\u00fajtunk dolgoz\u00f3i eg\u00e9szs\u00e9g\u00e9nek meg\u0151rz\u00e9s\u00e9hez: Foglalkoz\u00e1s-eg\u00e9szs\u00e9g\u00fcgyi szolg\u00e1lat S\u00fcrg\u0151ss\u00e9gi betegell\u00e1t\u00e1si szolg\u00e1lat &#8211; 24 \u00f3r\u00e1s k\u00e9szenl\u00e9ti ment\u00e9sben szakavatott szakemberekkel 24 \u00f3r\u00e1s WIWE szolg\u00e1ltat\u00e1s (vagy hasonl\u00f3 &hellip;","og_url":"https:\/\/www.hegyaljatur.hu\/?page_id=143","og_site_name":"HEGYALJA-TUR Kft.","article_modified_time":"2024-11-19T07:31:37+00:00","twitter_card":"summary_large_image","twitter_misc":{"Becs\u00fclt olvas\u00e1si id\u0151":"1 perc"},"schema":{"@context":"https:\/\/schema.org","@graph":[{"@type":"WebPage","@id":"https:\/\/www.hegyaljatur.hu\/?page_id=143","url":"https:\/\/www.hegyaljatur.hu\/?page_id=143","name":"Sz\u0171r\u0151vizsg\u00e1latok - HEGYALJA-TUR Kft.","isPartOf":{"@id":"https:\/\/www.hegyaljatur.hu\/#website"},"datePublished":"2022-10-16T18:16:17+00:00","dateModified":"2024-11-19T07:31:37+00:00","breadcrumb":{"@id":"https:\/\/www.hegyaljatur.hu\/?page_id=143#breadcrumb"},"inLanguage":"hu","potentialAction":[{"@type":"ReadAction","target":["https:\/\/www.hegyaljatur.hu\/?page_id=143"]}]},{"@type":"BreadcrumbList","@id":"https:\/\/www.hegyaljatur.hu\/?page_id=143#breadcrumb","itemListElement":[{"@type":"ListItem","position":1,"name":"Home","item":"https:\/\/www.hegyaljatur.hu\/"},{"@type":"ListItem","position":2,"name":"Sz\u0171r\u0151vizsg\u00e1latok"}]},{"@type":"WebSite","@id":"https:\/\/www.hegyaljatur.hu\/#website","url":"https:\/\/www.hegyaljatur.hu\/","name":"HEGYALJA-TUR Kft.","description":"","publisher":{"@id":"https:\/\/www.hegyaljatur.hu\/#organization"},"potentialAction":[{"@type":"SearchAction","target":{"@type":"EntryPoint","urlTemplate":"https:\/\/www.hegyaljatur.hu\/?s={search_term_string}"},"query-input":{"@type":"PropertyValueSpecification","valueRequired":true,"valueName":"search_term_string"}}],"inLanguage":"hu"},{"@type":"Organization","@id":"https:\/\/www.hegyaljatur.hu\/#organization","name":"HEGYALJA-TUR Kft.","url":"https:\/\/www.hegyaljatur.hu\/","logo":{"@type":"ImageObject","inLanguage":"hu","@id":"https:\/\/www.hegyaljatur.hu\/#\/schema\/logo\/image\/","url":"https:\/\/www.hegyaljatur.hu\/wp-content\/uploads\/2022\/05\/hegy-e1700392011301.jpg","contentUrl":"https:\/\/www.hegyaljatur.hu\/wp-content\/uploads\/2022\/05\/hegy-e1700392011301.jpg","width":110,"height":122,"caption":"HEGYALJA-TUR Kft."},"image":{"@id":"https:\/\/www.hegyaljatur.hu\/#\/schema\/logo\/image\/"}}]}},"_links":{"self":[{"href":"https:\/\/www.hegyaljatur.hu\/index.php?rest_route=\/wp\/v2\/pages\/143"}],"collection":[{"href":"https:\/\/www.hegyaljatur.hu\/index.php?rest_route=\/wp\/v2\/pages"}],"about":[{"href":"https:\/\/www.hegyaljatur.hu\/index.php?rest_route=\/wp\/v2\/types\/page"}],"author":[{"embeddable":true,"href":"https:\/\/www.hegyaljatur.hu\/index.php?rest_route=\/wp\/v2\/users\/1"}],"replies":[{"embeddable":true,"href":"https:\/\/www.hegyaljatur.hu\/index.php?rest_route=%2Fwp%2Fv2%2Fcomments&post=143"}],"version-history":[{"count":6,"href":"https:\/\/www.hegyaljatur.hu\/index.php?rest_route=\/wp\/v2\/pages\/143\/revisions"}],"predecessor-version":[{"id":576,"href":"https:\/\/www.hegyaljatur.hu\/index.php?rest_route=\/wp\/v2\/pages\/143\/revisions\/576"}],"wp:attachment":[{"href":"https:\/\/www.hegyaljatur.hu\/index.php?rest_route=%2Fwp%2Fv2%2Fmedia&parent=143"}],"curies":[{"name":"wp","href":"https:\/\/api.w.org\/{rel}","templated":true}]}}